{"id":448,"date":"2025-09-24T15:15:18","date_gmt":"2025-09-24T15:15:18","guid":{"rendered":"https:\/\/sluggraphix.de\/?page_id=448"},"modified":"2026-02-27T12:29:16","modified_gmt":"2026-02-27T12:29:16","slug":"ueber-mich","status":"publish","type":"page","link":"https:\/\/sluggraphix.de\/index.php\/ueber-mich\/","title":{"rendered":"Kunst und Mika"},"content":{"rendered":"\n<h1 class=\"wp-block-heading has-luminous-vivid-orange-color has-text-color has-link-color wp-elements-13548af4f2d0b7e43080e3df76894e1d\"><strong>Werke<\/strong><\/h1>\n\n\n\n<p>Die Werke \u201e<a href=\"https:\/\/sluggraphix.de\/index.php\/werke\/page\/\" target=\"_blank\" rel=\"noreferrer noopener\"><strong>Zuhause<\/strong><\/a>\u201c bieten Einblicke in imagin\u00e4re Lebensr\u00e4ume \u2013 farbenfroh, chaotisch und dicht gemustert. Allt\u00e4gliche Gegenst\u00e4nde liegen beil\u00e4ufig herum, Muster prallen aufeinander, Oberfl\u00e4chen quellen \u00fcber. Was \u00fcberw\u00e4ltigend erscheinen<br>mag, spiegelt die lebhafte Unordnung des realen Lebens wider: chaotisch, laut und niemals allzu ordentlich.<\/p>\n\n\n\n<p>\u201e<a href=\"https:\/\/sluggraphix.de\/index.php\/werke\/urlaub\/\" target=\"_blank\" rel=\"noreferrer noopener\"><strong>Drau\u00dfen<\/strong><\/a>\u201c wird alles in tagebuchartiger Manier festgehalten, was mich w\u00e4hrend meine Sreifz\u00fcge durch Landschaft und Stadt bewegt.<\/p>\n\n\n\n<p>\u201e<a href=\"https:\/\/sluggraphix.de\/index.php\/werke\/ausfluege\/\" target=\"_blank\" rel=\"noreferrer noopener\"><strong>Ausfl\u00fcge<\/strong><\/a>\u201c mache ich, wenn ich mich uninspiriert f\u00fchle oder meine anderen Themen und Werke mich pl\u00f6tzlich zu langweilen scheinen. Dann experimentiere ich mit anderen Techniken, Materialien, Farben oder Stilen. Manchmal nur, um mal<br>etwas anderes zu machen, manchmal, um gezielt etwas zu versuchen, was sp\u00e4ter Einzug in meine Bilder halten soll.<\/p>\n\n\n\n<h1 class=\"wp-block-heading has-pale-pink-color has-text-color has-link-color wp-elements-ba31b03fb16a3b568d5a4fb08238226e\"><strong>Material und Methoden<\/strong><\/h1>\n\n\n\n<p>Zu den verwendeten Medien geh\u00f6ren \u00d6l und Acryl auf Leinwand und mit Maltuch kaschierten Malplatten.<\/p>\n\n\n\n<p>Eine lebenslange Besch\u00e4ftigung mit Zeichnen und Malen, die schon in fr\u00fcher Kindheit gef\u00f6rdert wurde, hat sich zu einer Bildsprache entwickelt, die Unvollkommenheit begr\u00fc\u00dft. Die \u00c4sthetik tendiert eher zum Schr\u00e4gen als zum Sauberen,<br>zum Lauten als zum Leisen und bevorzugt K\u00fchnheit, Muster und Komplexit\u00e4t gegen\u00fcber Minimalismus.<\/p>\n\n\n\n<p>Ich stamme urspr\u00fcnglich aus dem l\u00e4ndlichen Emsland und wurde durch eine bodenst\u00e4ndige Erziehung gepr\u00e4gt. Seit \u00fcber 25 Jahren lebe und arbeite ich in Gro\u00dfst\u00e4dten \u2013 angezogen von deren Energie, die mich trotz ihrer Intensit\u00e4t fasziniert.<\/p>\n","protected":false},"excerpt":{"rendered":"<p>Werke Die Werke \u201eZuhause\u201c bieten Einblicke in imagin\u00e4re Lebensr\u00e4ume \u2013 farbenfroh, chaotisch und dicht gemustert. Allt\u00e4gliche Gegenst\u00e4nde liegen beil\u00e4ufig herum, &hellip; <a href=\"https:\/\/sluggraphix.de\/index.php\/ueber-mich\/\" class=\"more-link\">Continue reading <span class=\"screen-reader-text\">Kunst und Mika<\/span><\/a><\/p>\n","protected":false},"author":1,"featured_media":0,"parent":0,"menu_order":0,"comment_status":"closed","ping_status":"closed","template":"","meta":{"footnotes":""},"class_list":["post-448","page","type-page","status-publish","hentry"],"_links":{"self":[{"href":"https:\/\/sluggraphix.de\/index.php\/wp-json\/wp\/v2\/pages\/448","targetHints":{"allow":["GET"]}}],"collection":[{"href":"https:\/\/sluggraphix.de\/index.php\/wp-json\/wp\/v2\/pages"}],"about":[{"href":"https:\/\/sluggraphix.de\/index.php\/wp-json\/wp\/v2\/types\/page"}],"author":[{"embeddable":true,"href":"https:\/\/sluggraphix.de\/index.php\/wp-json\/wp\/v2\/users\/1"}],"replies":[{"embeddable":true,"href":"https:\/\/sluggraphix.de\/index.php\/wp-json\/wp\/v2\/comments?post=448"}],"version-history":[{"count":0,"href":"https:\/\/sluggraphix.de\/index.php\/wp-json\/wp\/v2\/pages\/448\/revisions"}],"wp:attachment":[{"href":"https:\/\/sluggraphix.de\/index.php\/wp-json\/wp\/v2\/media?parent=448"}],"curies":[{"name":"wp","href":"https:\/\/api.w.org\/{rel}","templated":true}]}}